{"id":28,"date":"2021-09-03T16:26:05","date_gmt":"2021-09-03T14:26:05","guid":{"rendered":"https:\/\/alliance-humaine-sante-internationale.org\/?post_type=product&#038;p=28"},"modified":"2024-09-07T12:47:52","modified_gmt":"2024-09-07T10:47:52","slug":"zinc-100ml-gouttes","status":"publish","type":"product","link":"https:\/\/orthomedix.eu\/boutique\/produit\/zinc-100ml-gouttes\/","title":{"rendered":"ZINC 100 ML EN GOUTTES"},"content":{"rendered":"<p><strong>ZINC 100 ML EN GOUTTES<\/strong><br \/>\nLe zinc est un oligo-\u00e9l\u00e9ment m\u00e9tallique aux multiples vertus et qui joue un r\u00f4le d\u00e9terminant dans pr\u00e8s de 200 r\u00e9actions enzymatiques de notre organisme. Il est notamment indispensable au m\u00e9tabolisme des nutriments (prot\u00e9ines, glucides et lipides) et participe \u00e0 la synth\u00e8se de l\u2019ADN.<\/p>\n","protected":false},"excerpt":{"rendered":"<p>Le zinc est un oligo-\u00e9l\u00e9ment et se trouve dans presque toutes les cellules du corps. Il fait partie de nombreuses enzymes et est n\u00e9cessaire \u00e0 de nombreux processus biochimiques. L&#8217; oligo-\u00e9l\u00e9ment essentiel se trouve entre autres dans les os, les muscles, les cheveux, la peau et le foie.<\/p>\n","protected":false},"featured_media":5174,"comment_status":"open","ping_status":"closed","template":"","meta":{"_themeisle_gutenberg_block_has_review":false,"wds_primary_product_brand":0,"wds_primary_product_cat":0},"product_brand":[],"product_cat":[16],"product_tag":[247],"class_list":{"0":"post-28","1":"product","2":"type-product","3":"status-publish","4":"has-post-thumbnail","6":"product_cat-complements-alimentaires","7":"product_tag-nourrissant","9":"first","10":"instock","11":"shipping-taxable","12":"purchasable","13":"product-type-simple"},"jetpack_sharing_enabled":true,"_links":{"self":[{"href":"https:\/\/orthomedix.eu\/boutique\/wp-json\/wp\/v2\/product\/28","targetHints":{"allow":["GET"]}}],"collection":[{"href":"https:\/\/orthomedix.eu\/boutique\/wp-json\/wp\/v2\/product"}],"about":[{"href":"https:\/\/orthomedix.eu\/boutique\/wp-json\/wp\/v2\/types\/product"}],"replies":[{"embeddable":true,"href":"https:\/\/orthomedix.eu\/boutique\/wp-json\/wp\/v2\/comments?post=28"}],"wp:featuredmedia":[{"embeddable":true,"href":"https:\/\/orthomedix.eu\/boutique\/wp-json\/wp\/v2\/media\/5174"}],"wp:attachment":[{"href":"https:\/\/orthomedix.eu\/boutique\/wp-json\/wp\/v2\/media?parent=28"}],"wp:term":[{"taxonomy":"product_brand","embeddable":true,"href":"https:\/\/orthomedix.eu\/boutique\/wp-json\/wp\/v2\/product_brand?post=28"},{"taxonomy":"product_cat","embeddable":true,"href":"https:\/\/orthomedix.eu\/boutique\/wp-json\/wp\/v2\/product_cat?post=28"},{"taxonomy":"product_tag","embeddable":true,"href":"https:\/\/orthomedix.eu\/boutique\/wp-json\/wp\/v2\/product_tag?post=28"}],"curies":[{"name":"wp","href":"https:\/\/api.w.org\/{rel}","templated":true}]}}