{"id":3396,"date":"2021-10-22T13:22:27","date_gmt":"2021-10-22T11:22:27","guid":{"rendered":"http:\/\/orthomedix.eu\/boutique\/?post_type=product&#038;p=3396"},"modified":"2024-09-07T12:54:34","modified_gmt":"2024-09-07T10:54:34","slug":"chlorella-en-poudre-100-gr","status":"publish","type":"product","link":"https:\/\/orthomedix.eu\/boutique\/produit\/chlorella-en-poudre-100-gr\/","title":{"rendered":"CHLORELLA EN POUDRE 100 GR"},"content":{"rendered":"<p><strong>CHLORELLA EN POUDRE 100 GR<\/strong><\/p>\n<p>L&#8217;algue unicellulaire Chlorella appartient \u00e0 la tribu des algues vertes. Il contient jusqu&#8217;\u00e0 60% de prot\u00e9ines v\u00e9g\u00e9tales de haute qualit\u00e9. Sous l&#8217;influence d&#8217;un ensoleillement intense, soutenu par le pouvoir de la photosynth\u00e8se, des nutriments importants de l&#8217;algue Chlorella se forment.<\/p>\n<p>C&#8217;est une algue d&#8217;eau douce tr\u00e8s commune. La Chlorella n&#8217;est que de taille microscopique et ne peut \u00eatre vue \u00e0 l&#8217;\u0153il nu. Cette micro-algue est extr\u00eamement adaptable et appartient aux organismes unicellulaires complexes.<\/p>\n<p>La Chlorella habite la terre depuis plus de deux millions d&#8217;ann\u00e9es. Mais surtout, la Chlorella est d&#8217;un vert profond, ce qui indique d\u00e9j\u00e0 la forte teneur en chlorophylle. Aucune autre plante ne contient plus de chlorophylle, le \u00absang vert\u00bb.<\/p>\n<p>1\u00a0 cuill\u00e8re \u00e0 caf\u00e9 le matin<\/p>\n","protected":false},"excerpt":{"rendered":"<p>La Chlorella poss\u00e8de des bienfaits en commun avec la Spiruline. De par sa composition nutritionnelle tr\u00e8s riche en oligo-\u00e9l\u00e9ments, en min\u00e9raux, en vitamines et en prot\u00e9ines, elle lutte contre les carences alimentaires. Elle contribue aussi \u00e0 diminuer les \u00e9tats de fatigue et de d\u00e9prime.<\/p>\n","protected":false},"featured_media":8251,"comment_status":"open","ping_status":"closed","template":"","meta":{"_themeisle_gutenberg_block_has_review":false,"wds_primary_product_brand":0,"wds_primary_product_cat":0},"product_brand":[],"product_cat":[16],"product_tag":[73,56,166,124],"class_list":{"0":"post-3396","1":"product","2":"type-product","3":"status-publish","4":"has-post-thumbnail","6":"product_cat-complements-alimentaires","7":"product_tag-defenses-immunitaires","8":"product_tag-fatigue-physique","9":"product_tag-traitement-preventif","10":"product_tag-vitamines","12":"first","13":"instock","14":"shipping-taxable","15":"purchasable","16":"product-type-simple"},"jetpack_sharing_enabled":true,"_links":{"self":[{"href":"https:\/\/orthomedix.eu\/boutique\/wp-json\/wp\/v2\/product\/3396","targetHints":{"allow":["GET"]}}],"collection":[{"href":"https:\/\/orthomedix.eu\/boutique\/wp-json\/wp\/v2\/product"}],"about":[{"href":"https:\/\/orthomedix.eu\/boutique\/wp-json\/wp\/v2\/types\/product"}],"replies":[{"embeddable":true,"href":"https:\/\/orthomedix.eu\/boutique\/wp-json\/wp\/v2\/comments?post=3396"}],"wp:featuredmedia":[{"embeddable":true,"href":"https:\/\/orthomedix.eu\/boutique\/wp-json\/wp\/v2\/media\/8251"}],"wp:attachment":[{"href":"https:\/\/orthomedix.eu\/boutique\/wp-json\/wp\/v2\/media?parent=3396"}],"wp:term":[{"taxonomy":"product_brand","embeddable":true,"href":"https:\/\/orthomedix.eu\/boutique\/wp-json\/wp\/v2\/product_brand?post=3396"},{"taxonomy":"product_cat","embeddable":true,"href":"https:\/\/orthomedix.eu\/boutique\/wp-json\/wp\/v2\/product_cat?post=3396"},{"taxonomy":"product_tag","embeddable":true,"href":"https:\/\/orthomedix.eu\/boutique\/wp-json\/wp\/v2\/product_tag?post=3396"}],"curies":[{"name":"wp","href":"https:\/\/api.w.org\/{rel}","templated":true}]}}