{"id":35,"date":"2021-09-03T16:51:32","date_gmt":"2021-09-03T14:51:32","guid":{"rendered":"https:\/\/alliance-humaine-sante-internationale.org\/?post_type=product&#038;p=35"},"modified":"2024-09-07T12:44:14","modified_gmt":"2024-09-07T10:44:14","slug":"hyper-vitamine-c-600mg-150-capsules","status":"publish","type":"product","link":"https:\/\/orthomedix.eu\/boutique\/produit\/hyper-vitamine-c-600mg-150-capsules\/","title":{"rendered":"HYPER VITAMINE C TAMPONNEE &#8211; 600 MG 150 CAPSULES"},"content":{"rendered":"<p><strong>HYPER VITAMINE C TAMPONNEE &#8211; 600 MG 150 CAPSULES<\/strong><br \/>\nLes Capsules de Vitamine C sont de hautes qualit\u00e9s sous forme d&#8217;ascorbate de calcium respectueux de l&#8217;estomac. Les capsules v\u00e9g\u00e9taliennes sont disponibles dans des sacs en papier kraft refermables. Sans gluten ni lactose.<\/p>\n<p><strong>Recommandation journali\u00e8re 240 mg<\/strong><\/p>\n<p>Lire attentivement la notice d&#8217;emballage.<\/p>\n<p>\u00ab Ne convient pas aux enfants et aux femmes enceintes \u00bb<\/p>\n<p>Les compl\u00e9ments alimentaires ne doivent pas \u00eatre utilis\u00e9s comme substituts d&#8217;une alimentation vari\u00e9e.<\/p>\n<p>\u00ab Orthomedix d\u00e9cline toute responsabilit\u00e9 en cas de mauvaise utilisation des produits command\u00e9s \u00bb<\/p>\n<p><em><strong>Non disponible au Luxembourg.<\/strong><\/em><\/p>\n","protected":false},"excerpt":{"rendered":"<p>La vitamine C, \u00e9galement connue sous le nom d&#8217;acide ascorbique, est un antioxydant important et pi\u00e8ge les radicaux libres. Notre corps a besoin de vitamine C chaque jour, car elle est impliqu\u00e9e dans de nombreux processus et y remplit des t\u00e2ches importantes. C&#8217;est donc l&#8217;une des vitamines les plus importantes de notre organisme.<\/p>\n","protected":false},"featured_media":14400,"comment_status":"open","ping_status":"closed","template":"","meta":{"_themeisle_gutenberg_block_has_review":false,"wds_primary_product_brand":0,"wds_primary_product_cat":0},"product_brand":[],"product_cat":[16],"product_tag":[124],"class_list":{"0":"post-35","1":"product","2":"type-product","3":"status-publish","4":"has-post-thumbnail","6":"product_cat-complements-alimentaires","7":"product_tag-vitamines","9":"first","10":"instock","11":"featured","12":"shipping-taxable","13":"purchasable","14":"product-type-simple"},"jetpack_sharing_enabled":true,"_links":{"self":[{"href":"https:\/\/orthomedix.eu\/boutique\/wp-json\/wp\/v2\/product\/35","targetHints":{"allow":["GET"]}}],"collection":[{"href":"https:\/\/orthomedix.eu\/boutique\/wp-json\/wp\/v2\/product"}],"about":[{"href":"https:\/\/orthomedix.eu\/boutique\/wp-json\/wp\/v2\/types\/product"}],"replies":[{"embeddable":true,"href":"https:\/\/orthomedix.eu\/boutique\/wp-json\/wp\/v2\/comments?post=35"}],"wp:featuredmedia":[{"embeddable":true,"href":"https:\/\/orthomedix.eu\/boutique\/wp-json\/wp\/v2\/media\/14400"}],"wp:attachment":[{"href":"https:\/\/orthomedix.eu\/boutique\/wp-json\/wp\/v2\/media?parent=35"}],"wp:term":[{"taxonomy":"product_brand","embeddable":true,"href":"https:\/\/orthomedix.eu\/boutique\/wp-json\/wp\/v2\/product_brand?post=35"},{"taxonomy":"product_cat","embeddable":true,"href":"https:\/\/orthomedix.eu\/boutique\/wp-json\/wp\/v2\/product_cat?post=35"},{"taxonomy":"product_tag","embeddable":true,"href":"https:\/\/orthomedix.eu\/boutique\/wp-json\/wp\/v2\/product_tag?post=35"}],"curies":[{"name":"wp","href":"https:\/\/api.w.org\/{rel}","templated":true}]}}