{"id":38,"date":"2021-09-03T16:54:59","date_gmt":"2021-09-03T14:54:59","guid":{"rendered":"https:\/\/alliance-humaine-sante-internationale.org\/?post_type=product&#038;p=38"},"modified":"2024-09-07T12:46:27","modified_gmt":"2024-09-07T10:46:27","slug":"vit-d3-50ml","status":"publish","type":"product","link":"https:\/\/orthomedix.eu\/boutique\/produit\/vit-d3-50ml\/","title":{"rendered":"VITAMINE D3 50 ML"},"content":{"rendered":"<blockquote><p><strong>VITAMINE D3 50 ML<\/strong><br \/>\n<span>La vitamine D3 est essentielle au d\u00e9veloppement de la vie. En plus de la d\u00e9fense immunitaire, elle contribue \u00e0 l&#8217;a<\/span>bsorption normale du calcium et du phosphore, \u00e0 la r\u00e9gulation du calcium dans le sang, au maintien de la masse osseuse et musculaire &#8230;<\/p><\/blockquote>\n<p>Lire attentivement la notice d&#8217;emballage.<\/p>\n<p>\u00ab Ne convient pas aux enfants et aux femmes enceintes \u00bb<\/p>\n<p>Les compl\u00e9ments alimentaires ne doivent pas \u00eatre utilis\u00e9s comme substituts d&#8217;une alimentation vari\u00e9e.<\/p>\n<p>\u00ab Orthomedix d\u00e9cline toute responsabilit\u00e9 en cas de mauvaise utilisation des produits command\u00e9s \u00bb<\/p>\n<p><em><strong>Non disponible au Luxembourg.<\/strong><\/em><\/p>\n","protected":false},"excerpt":{"rendered":"<p>La vitamine D3 permet de stimuler les d\u00e9fenses immunitaires et de pr\u00e9venir de nombreuses maladies comme la grippe, la pneumonie et d&#8217;autres. Elle a aussi un effet b\u00e9n\u00e9fique contre le stress.<\/p>\n","protected":false},"featured_media":5172,"comment_status":"open","ping_status":"closed","template":"","meta":{"_themeisle_gutenberg_block_has_review":false,"wds_primary_product_brand":0,"wds_primary_product_cat":0},"product_brand":[],"product_cat":[16],"product_tag":[73,124],"class_list":{"0":"post-38","1":"product","2":"type-product","3":"status-publish","4":"has-post-thumbnail","6":"product_cat-complements-alimentaires","7":"product_tag-defenses-immunitaires","8":"product_tag-vitamines","10":"first","11":"instock","12":"featured","13":"shipping-taxable","14":"purchasable","15":"product-type-simple"},"jetpack_sharing_enabled":true,"_links":{"self":[{"href":"https:\/\/orthomedix.eu\/boutique\/wp-json\/wp\/v2\/product\/38","targetHints":{"allow":["GET"]}}],"collection":[{"href":"https:\/\/orthomedix.eu\/boutique\/wp-json\/wp\/v2\/product"}],"about":[{"href":"https:\/\/orthomedix.eu\/boutique\/wp-json\/wp\/v2\/types\/product"}],"replies":[{"embeddable":true,"href":"https:\/\/orthomedix.eu\/boutique\/wp-json\/wp\/v2\/comments?post=38"}],"wp:featuredmedia":[{"embeddable":true,"href":"https:\/\/orthomedix.eu\/boutique\/wp-json\/wp\/v2\/media\/5172"}],"wp:attachment":[{"href":"https:\/\/orthomedix.eu\/boutique\/wp-json\/wp\/v2\/media?parent=38"}],"wp:term":[{"taxonomy":"product_brand","embeddable":true,"href":"https:\/\/orthomedix.eu\/boutique\/wp-json\/wp\/v2\/product_brand?post=38"},{"taxonomy":"product_cat","embeddable":true,"href":"https:\/\/orthomedix.eu\/boutique\/wp-json\/wp\/v2\/product_cat?post=38"},{"taxonomy":"product_tag","embeddable":true,"href":"https:\/\/orthomedix.eu\/boutique\/wp-json\/wp\/v2\/product_tag?post=38"}],"curies":[{"name":"wp","href":"https:\/\/api.w.org\/{rel}","templated":true}]}}