{"id":4894,"date":"2021-11-15T20:19:26","date_gmt":"2021-11-15T19:19:26","guid":{"rendered":"http:\/\/orthomedix.eu\/boutique\/?post_type=product&#038;p=4894"},"modified":"2022-07-12T07:29:41","modified_gmt":"2022-07-12T05:29:41","slug":"dmso-100-ml-aroma-spray-50-dmso-49-huile-magnesium","status":"publish","type":"product","link":"https:\/\/orthomedix.eu\/boutique\/produit\/dmso-100-ml-aroma-spray-50-dmso-49-huile-magnesium\/","title":{"rendered":"DMSO 100 ML"},"content":{"rendered":"<p><strong>DMSO 100 ML\u00a0<\/strong><\/p>\n<p>&nbsp;<\/p>\n<p>&nbsp;<\/p>\n","protected":false},"excerpt":{"rendered":"<p>Tous les avantages de la DMSO mais avec une meilleure p\u00e9n\u00e9tration du Magn\u00e9sium<\/p>\n","protected":false},"featured_media":9853,"comment_status":"open","ping_status":"closed","template":"","meta":{"_themeisle_gutenberg_block_has_review":false,"wds_primary_product_brand":0,"wds_primary_product_cat":0},"product_brand":[],"product_cat":[45],"product_tag":[66,57,61,167,168,64,65,146],"class_list":{"0":"post-4894","1":"product","2":"type-product","3":"status-publish","4":"has-post-thumbnail","6":"product_cat-purification","7":"product_tag-fatigue-articulaire","8":"product_tag-fatigue-musculaire","9":"product_tag-lesions-externes","10":"product_tag-prevention-metaux-lourds","11":"product_tag-protection-metaux-lourds","12":"product_tag-soin-anti-inflammatoire","13":"product_tag-soin-cicatrisant","14":"product_tag-soin-du-corps","16":"first","17":"instock","18":"shipping-taxable","19":"purchasable","20":"product-type-simple"},"jetpack_sharing_enabled":true,"_links":{"self":[{"href":"https:\/\/orthomedix.eu\/boutique\/wp-json\/wp\/v2\/product\/4894","targetHints":{"allow":["GET"]}}],"collection":[{"href":"https:\/\/orthomedix.eu\/boutique\/wp-json\/wp\/v2\/product"}],"about":[{"href":"https:\/\/orthomedix.eu\/boutique\/wp-json\/wp\/v2\/types\/product"}],"replies":[{"embeddable":true,"href":"https:\/\/orthomedix.eu\/boutique\/wp-json\/wp\/v2\/comments?post=4894"}],"wp:featuredmedia":[{"embeddable":true,"href":"https:\/\/orthomedix.eu\/boutique\/wp-json\/wp\/v2\/media\/9853"}],"wp:attachment":[{"href":"https:\/\/orthomedix.eu\/boutique\/wp-json\/wp\/v2\/media?parent=4894"}],"wp:term":[{"taxonomy":"product_brand","embeddable":true,"href":"https:\/\/orthomedix.eu\/boutique\/wp-json\/wp\/v2\/product_brand?post=4894"},{"taxonomy":"product_cat","embeddable":true,"href":"https:\/\/orthomedix.eu\/boutique\/wp-json\/wp\/v2\/product_cat?post=4894"},{"taxonomy":"product_tag","embeddable":true,"href":"https:\/\/orthomedix.eu\/boutique\/wp-json\/wp\/v2\/product_tag?post=4894"}],"curies":[{"name":"wp","href":"https:\/\/api.w.org\/{rel}","templated":true}]}}