{"id":4897,"date":"2021-11-15T20:49:02","date_gmt":"2021-11-15T19:49:02","guid":{"rendered":"http:\/\/orthomedix.eu\/boutique\/?post_type=product&#038;p=4897"},"modified":"2024-08-27T11:29:45","modified_gmt":"2024-08-27T09:29:45","slug":"huile-de-melatonine-30-ml","status":"publish","type":"product","link":"https:\/\/orthomedix.eu\/boutique\/produit\/huile-de-melatonine-30-ml\/","title":{"rendered":"HUILE DE MELATONINE 30 ML"},"content":{"rendered":"<p><strong>HUILE DE MELATONINE 30 ML<\/strong><\/p>\n<p><strong>Gouttes de m\u00e9latonine<br \/>\nExtr\u00eamement efficace &#8211; 30ml &#8211; 140 portions individuelles<br \/>\nAvec un rapport prix\/performance optimal.<\/strong><\/p>\n<p><strong>Absorption efficace et rapide \u00e9galement par les muqueuses buccales.<br \/>\n&#8211; Ingr\u00e9dients 100% naturels<br \/>\n&#8211; M\u00e9latonine de haute qualit\u00e9<br \/>\n&#8211; Avec un d\u00e9licieux go\u00fbt de vanille<br \/>\n&#8211; 140 portions par bouteille &#8211; pour 140 nuits r\u00e9paratrices<\/strong><\/p>\n<p><strong>Utilisation recommand\u00e9e :<br \/>\n&#8211; 5 gouttes (\u00e9quivalent \u00e0 1 mg de m\u00e9latonine), 30 minutes avant le coucher, laisser sur la langue pendant 2 \u00e0 3 minutes.<\/strong><\/p>\n<p><strong>Contenu :<br \/>\n(30ml, ~700 gouttes, 140 portions) : Glyc\u00e9rine v\u00e9g\u00e9tale, eau, alcool (6%), m\u00e9latonine, ar\u00f4me naturel de vanille.<\/strong><\/p>\n<p><strong>Conserver dans un endroit frais et sombre.<\/strong><\/p>\n<p><strong>Les compl\u00e9ments alimentaires ne doivent pas d\u00e9passer l&#8217;apport quotidien recommand\u00e9. Ils ne remplacent pas une alimentation saine, vari\u00e9e et \u00e9quilibr\u00e9e. Tenir hors de port\u00e9e des jeunes enfants.<\/strong><\/p>\n","protected":false},"excerpt":{"rendered":"<p>*Bien lire la notice d\u2019utilisation<\/p>\n<p>*Ne se substitue pas un augmentation saine<\/p>\n","protected":false},"featured_media":14392,"comment_status":"open","ping_status":"closed","template":"","meta":{"_themeisle_gutenberg_block_has_review":false,"wds_primary_product_brand":0,"wds_primary_product_cat":0},"product_brand":[],"product_cat":[16],"product_tag":[174],"class_list":{"0":"post-4897","1":"product","2":"type-product","3":"status-publish","4":"has-post-thumbnail","6":"product_cat-complements-alimentaires","7":"product_tag-endormissement-difficile","9":"first","10":"instock","11":"shipping-taxable","12":"purchasable","13":"product-type-simple"},"jetpack_sharing_enabled":true,"_links":{"self":[{"href":"https:\/\/orthomedix.eu\/boutique\/wp-json\/wp\/v2\/product\/4897","targetHints":{"allow":["GET"]}}],"collection":[{"href":"https:\/\/orthomedix.eu\/boutique\/wp-json\/wp\/v2\/product"}],"about":[{"href":"https:\/\/orthomedix.eu\/boutique\/wp-json\/wp\/v2\/types\/product"}],"replies":[{"embeddable":true,"href":"https:\/\/orthomedix.eu\/boutique\/wp-json\/wp\/v2\/comments?post=4897"}],"wp:featuredmedia":[{"embeddable":true,"href":"https:\/\/orthomedix.eu\/boutique\/wp-json\/wp\/v2\/media\/14392"}],"wp:attachment":[{"href":"https:\/\/orthomedix.eu\/boutique\/wp-json\/wp\/v2\/media?parent=4897"}],"wp:term":[{"taxonomy":"product_brand","embeddable":true,"href":"https:\/\/orthomedix.eu\/boutique\/wp-json\/wp\/v2\/product_brand?post=4897"},{"taxonomy":"product_cat","embeddable":true,"href":"https:\/\/orthomedix.eu\/boutique\/wp-json\/wp\/v2\/product_cat?post=4897"},{"taxonomy":"product_tag","embeddable":true,"href":"https:\/\/orthomedix.eu\/boutique\/wp-json\/wp\/v2\/product_tag?post=4897"}],"curies":[{"name":"wp","href":"https:\/\/api.w.org\/{rel}","templated":true}]}}