{"id":4995,"date":"2021-11-18T20:15:44","date_gmt":"2021-11-18T19:15:44","guid":{"rendered":"http:\/\/orthomedix.eu\/boutique\/?post_type=product&#038;p=4995"},"modified":"2026-05-01T20:43:50","modified_gmt":"2026-05-01T18:43:50","slug":"bio-moringa-100-gr-une-pepite-de-mineraux","status":"publish","type":"product","link":"https:\/\/orthomedix.eu\/boutique\/produit\/bio-moringa-100-gr-une-pepite-de-mineraux\/","title":{"rendered":"BIO MORINGA 100 GR (Une p\u00e9pite de min\u00e9raux)"},"content":{"rendered":"<p><strong>BIO MORINGA 100 GR (Une p\u00e9pite de min\u00e9raux)<br \/>\nOriginaire des contreforts de l\u2019Himalaya et du Sri-Lanka, ce petit arbre \u00e0 croissance rapide peut d\u00e9passer 10 m\u00e8tres de hauteur. Il a la capacit\u00e9 de s\u2019acclimater dans des zones arides et est naturellement tr\u00e8s r\u00e9sistant \u00e0 la s\u00e9cheresse.<\/strong><\/p>\n<p><strong>Toutes les parties du Moringa pr\u00e9sentent un int\u00e9r\u00eat nutritionnel : les feuilles, les fruits, les racines ou encore les graines. On utilise le Moringa dans les plats des cuisines traditionnelles indiennes, tha\u00eflandaises, indon\u00e9siennes, cambodgiennes et malgaches.<\/strong><\/p>\n<p><strong>Le Moringa peut donc constituer une source d&#8217;aliments hautement nutritifs et vari\u00e9s tout au long de l&#8217;ann\u00e9e. Il est riche en fer, calcium, chrome, cuivre, en diverses vitamines comme la vitamine A, C, D, E, B2 et B6, contient des prot\u00e9ines et des acides amin\u00e9s comme l&#8217;isoleucine, la leucine, la lysine, la m\u00e9thionine, la ph\u00e9nylalanine, la thr\u00e9onine et du tryptophane.<\/strong><\/p>\n<p><strong>Les feuilles de Moringa sont tr\u00e8s polyvalentes, elles sont \u00e9galement utilis\u00e9es en cosm\u00e9tique et comme purificateur d\u2019eau.<\/strong><\/p>\n<p>*Bien lire la notice d\u2019utilisation<\/p>\n<p>*Ne se substitue pas un augmentation saine<\/p>\n","protected":false},"excerpt":{"rendered":"<p><strong>Un v\u00e9g\u00e9tal aux multiples usages : il est extr\u00eamement riche en min\u00e9raux (calcium, potassium, fer, magn\u00e9sium), en vitamines A, C, E, en prot\u00e9ines de tr\u00e8s bonne qualit\u00e9 (contenant les 9 acides amin\u00e9s essentiels), antioxydants. &#8220;Son atout principal est son spectre nutritionnel tr\u00e8s large et bien \u00e9quilibr\u00e9.<\/strong><\/p>\n<p>*Bien lire la notice d\u2019utilisation<\/p>\n<p>*Ne se substitue pas un augmentation saine<\/p>\n","protected":false},"featured_media":14390,"comment_status":"open","ping_status":"closed","template":"","meta":{"_themeisle_gutenberg_block_has_review":false,"wds_primary_product_brand":0,"wds_primary_product_cat":0},"product_brand":[],"product_cat":[16],"product_tag":[180],"class_list":{"0":"post-4995","1":"product","2":"type-product","3":"status-publish","4":"has-post-thumbnail","6":"product_cat-complements-alimentaires","7":"product_tag-multi-vitamines","9":"first","10":"outofstock","11":"shipping-taxable","12":"purchasable","13":"product-type-simple"},"jetpack_sharing_enabled":true,"_links":{"self":[{"href":"https:\/\/orthomedix.eu\/boutique\/wp-json\/wp\/v2\/product\/4995","targetHints":{"allow":["GET"]}}],"collection":[{"href":"https:\/\/orthomedix.eu\/boutique\/wp-json\/wp\/v2\/product"}],"about":[{"href":"https:\/\/orthomedix.eu\/boutique\/wp-json\/wp\/v2\/types\/product"}],"replies":[{"embeddable":true,"href":"https:\/\/orthomedix.eu\/boutique\/wp-json\/wp\/v2\/comments?post=4995"}],"wp:featuredmedia":[{"embeddable":true,"href":"https:\/\/orthomedix.eu\/boutique\/wp-json\/wp\/v2\/media\/14390"}],"wp:attachment":[{"href":"https:\/\/orthomedix.eu\/boutique\/wp-json\/wp\/v2\/media?parent=4995"}],"wp:term":[{"taxonomy":"product_brand","embeddable":true,"href":"https:\/\/orthomedix.eu\/boutique\/wp-json\/wp\/v2\/product_brand?post=4995"},{"taxonomy":"product_cat","embeddable":true,"href":"https:\/\/orthomedix.eu\/boutique\/wp-json\/wp\/v2\/product_cat?post=4995"},{"taxonomy":"product_tag","embeddable":true,"href":"https:\/\/orthomedix.eu\/boutique\/wp-json\/wp\/v2\/product_tag?post=4995"}],"curies":[{"name":"wp","href":"https:\/\/api.w.org\/{rel}","templated":true}]}}