{"id":500,"date":"2021-09-16T07:27:43","date_gmt":"2021-09-16T05:27:43","guid":{"rendered":"http:\/\/orthomedix.eu\/boutique\/?post_type=product&#038;p=500"},"modified":"2025-07-04T10:38:10","modified_gmt":"2025-07-04T08:38:10","slug":"kit-mms","status":"publish","type":"product","link":"https:\/\/orthomedix.eu\/boutique\/produit\/kit-mms\/","title":{"rendered":"KIT MMS"},"content":{"rendered":"<p><strong>KIT MMS<\/strong><\/p>\n<p class=\"yiv9603640613MsoNormal\">MMS Life Solution DUO d\u00e9sinfectant pour eau potable<\/p>\n<p class=\"yiv9603640613MsoNormal\">Compos\u00e9 d&#8217;un flacon PE de 100ml de chlorite de sodium (25%) et d&#8217;un flacon PE de 100ml d&#8217;activateur d&#8217;acide chlorhydrique (4%).<\/p>\n<p class=\"yiv9603640613MsoNormal\">\u00a0Ce produit est la solution classique \u00e0 2 composants pour la fabrication d&#8217;une solution de dioxyde de chlore. Le m\u00e9lange 1 \u00e0 1 du chlorite de sodium et de l&#8217;acide permet d&#8217;obtenir en 60 secondes un d\u00e9sinfectant tr\u00e8s efficace de l&#8217;eau potable, le dioxyde de chlore.<\/p>\n<p class=\"yiv9603640613MsoNormal\">DUO est particuli\u00e8rement utile en cas de crise, en camping, en vacances ou en cas d&#8217;urgence \u00e0 la maison. L&#8217;eau contamin\u00e9e par des germes est ainsi trait\u00e9e rapidement et en toute s\u00e9curit\u00e9 et peut \u00eatre rendue potable.<\/p>\n<p class=\"yiv9603640613MsoNormal\">Les avantages de Life Solution DUO<\/p>\n<p class=\"yiv9603640613MsoNormal\">Tr\u00e8s efficace contre les bact\u00e9ries, les virus, les champignons, les l\u00e9gionelles, les acariens<\/p>\n<p class=\"yiv9603640613MsoNormal\">Activation rapide et de haute qualit\u00e9 en 60 secondes<\/p>\n<p class=\"yiv9603640613MsoNormal\">Rapport de m\u00e9lange simple de 1 \u00e0 1<\/p>\n<p class=\"yiv9603640613MsoNormal\">Tr\u00e8s longue dur\u00e9e de conservation (2 ans)<\/p>\n<p class=\"yiv9603640613MsoNormal\">Activation avec de l&#8217;acide chlorhydrique doux (pas de substance dangereuse)<\/p>\n<p>Lire attentivement la notice d&#8217;emballage.<\/p>\n<p>\u00ab Orthomedix d\u00e9cline toute responsabilit\u00e9 en cas de mauvaise utilisation des produits command\u00e9s \u00bb<\/p>\n","protected":false},"excerpt":{"rendered":"<p>KIT MMS MMS Life Solution DUO d\u00e9sinfectant pour eau potable Compos\u00e9 d&#8217;un flacon PE de 100ml de chlorite de sodium (25%) et d&#8217;un flacon PE de 100ml d&#8217;activateur d&#8217;acide chlorhydrique (4%). \u00a0Ce produit est la solution classique \u00e0 2 composants pour la fabrication d&#8217;une solution de dioxyde de chlore. Le m\u00e9lange 1 \u00e0 1 du [&hellip;]<\/p>\n","protected":false},"featured_media":15522,"comment_status":"open","ping_status":"closed","template":"","meta":{"_themeisle_gutenberg_block_has_review":false,"wds_primary_product_brand":0,"wds_primary_product_cat":0},"product_brand":[],"product_cat":[46,45],"product_tag":[72],"class_list":{"0":"post-500","1":"product","2":"type-product","3":"status-publish","4":"has-post-thumbnail","6":"product_cat-kits","7":"product_cat-purification","8":"product_tag-purification-de-leau","10":"first","11":"instock","12":"featured","13":"shipping-taxable","14":"purchasable","15":"product-type-simple"},"jetpack_sharing_enabled":true,"_links":{"self":[{"href":"https:\/\/orthomedix.eu\/boutique\/wp-json\/wp\/v2\/product\/500","targetHints":{"allow":["GET"]}}],"collection":[{"href":"https:\/\/orthomedix.eu\/boutique\/wp-json\/wp\/v2\/product"}],"about":[{"href":"https:\/\/orthomedix.eu\/boutique\/wp-json\/wp\/v2\/types\/product"}],"replies":[{"embeddable":true,"href":"https:\/\/orthomedix.eu\/boutique\/wp-json\/wp\/v2\/comments?post=500"}],"wp:featuredmedia":[{"embeddable":true,"href":"https:\/\/orthomedix.eu\/boutique\/wp-json\/wp\/v2\/media\/15522"}],"wp:attachment":[{"href":"https:\/\/orthomedix.eu\/boutique\/wp-json\/wp\/v2\/media?parent=500"}],"wp:term":[{"taxonomy":"product_brand","embeddable":true,"href":"https:\/\/orthomedix.eu\/boutique\/wp-json\/wp\/v2\/product_brand?post=500"},{"taxonomy":"product_cat","embeddable":true,"href":"https:\/\/orthomedix.eu\/boutique\/wp-json\/wp\/v2\/product_cat?post=500"},{"taxonomy":"product_tag","embeddable":true,"href":"https:\/\/orthomedix.eu\/boutique\/wp-json\/wp\/v2\/product_tag?post=500"}],"curies":[{"name":"wp","href":"https:\/\/api.w.org\/{rel}","templated":true}]}}