{"id":5043,"date":"2021-11-20T19:34:31","date_gmt":"2021-11-20T18:34:31","guid":{"rendered":"http:\/\/orthomedix.eu\/boutique\/?post_type=product&#038;p=5043"},"modified":"2026-04-28T17:08:47","modified_gmt":"2026-04-28T15:08:47","slug":"vitamines-d3k2","status":"publish","type":"product","link":"https:\/\/orthomedix.eu\/boutique\/produit\/vitamines-d3k2\/","title":{"rendered":"VITAMINES D3+K2"},"content":{"rendered":"<p><strong>VITAMINES D3+K2\u00a0<\/strong><\/p>\n<p><strong>Une combinaison intelligente &#8211; D3 avec K2<\/strong><\/p>\n<p><strong>L&#8217;homme peut certes produire lui-m\u00eame de la vitamine D \u00e0 l&#8217;aide de la lumi\u00e8re du soleil, mais si la peau n&#8217;est pas suffisamment &#8220;approvisionn\u00e9e&#8221; en rayons UV, la vitamine D3 doit \u00eatre apport\u00e9e par l&#8217;alimentation ou par un suppl\u00e9ment compl\u00e9mentaire.<\/strong><\/p>\n<p><strong><\/strong><\/p>\n<p><strong>Lire attentivement la notice d&#8217;emballage.<\/strong><\/p>\n<p><strong>\u00ab Ne convient pas aux enfants et aux femmes enceintes \u00bb<\/strong><\/p>\n<p><strong>Les compl\u00e9ments alimentaires ne doivent pas \u00eatre utilis\u00e9s comme substituts d&#8217;une alimentation vari\u00e9e.<\/strong><\/p>\n<p><strong>\u00ab Orthomedix d\u00e9cline toute responsabilit\u00e9 en cas de mauvaise utilisation des produits command\u00e9s \u00bb<\/strong><\/p>\n","protected":false},"excerpt":{"rendered":"<p>La vitamine D liposoluble, \u00e9galement appel\u00e9e &#8220;vitamine du soleil&#8221;, est essentielle pour la sant\u00e9, car elle participe \u00e0 de nombreux processus de r\u00e9gulation dans les cellules du corps humain. La vitamine K2, tout comme les vitamines D, A ou E, fait partie des vitamines liposolubles et est un nutriment essentiel.<\/p>\n","protected":false},"featured_media":14394,"comment_status":"open","ping_status":"closed","template":"","meta":{"_themeisle_gutenberg_block_has_review":false,"wds_primary_product_brand":0,"wds_primary_product_cat":0},"product_brand":[],"product_cat":[16],"product_tag":[124],"class_list":{"0":"post-5043","1":"product","2":"type-product","3":"status-publish","4":"has-post-thumbnail","6":"product_cat-complements-alimentaires","7":"product_tag-vitamines","9":"first","10":"instock","11":"shipping-taxable","12":"purchasable","13":"product-type-simple"},"jetpack_sharing_enabled":true,"_links":{"self":[{"href":"https:\/\/orthomedix.eu\/boutique\/wp-json\/wp\/v2\/product\/5043","targetHints":{"allow":["GET"]}}],"collection":[{"href":"https:\/\/orthomedix.eu\/boutique\/wp-json\/wp\/v2\/product"}],"about":[{"href":"https:\/\/orthomedix.eu\/boutique\/wp-json\/wp\/v2\/types\/product"}],"replies":[{"embeddable":true,"href":"https:\/\/orthomedix.eu\/boutique\/wp-json\/wp\/v2\/comments?post=5043"}],"wp:featuredmedia":[{"embeddable":true,"href":"https:\/\/orthomedix.eu\/boutique\/wp-json\/wp\/v2\/media\/14394"}],"wp:attachment":[{"href":"https:\/\/orthomedix.eu\/boutique\/wp-json\/wp\/v2\/media?parent=5043"}],"wp:term":[{"taxonomy":"product_brand","embeddable":true,"href":"https:\/\/orthomedix.eu\/boutique\/wp-json\/wp\/v2\/product_brand?post=5043"},{"taxonomy":"product_cat","embeddable":true,"href":"https:\/\/orthomedix.eu\/boutique\/wp-json\/wp\/v2\/product_cat?post=5043"},{"taxonomy":"product_tag","embeddable":true,"href":"https:\/\/orthomedix.eu\/boutique\/wp-json\/wp\/v2\/product_tag?post=5043"}],"curies":[{"name":"wp","href":"https:\/\/api.w.org\/{rel}","templated":true}]}}