{"id":5155,"date":"2021-11-25T21:27:52","date_gmt":"2021-11-25T20:27:52","guid":{"rendered":"http:\/\/orthomedix.eu\/boutique\/?post_type=product&#038;p=5155"},"modified":"2024-09-07T12:52:54","modified_gmt":"2024-09-07T10:52:54","slug":"curcuma-bio-en-poudre-200gr","status":"publish","type":"product","link":"https:\/\/orthomedix.eu\/boutique\/produit\/curcuma-bio-en-poudre-200gr\/","title":{"rendered":"CURCUMA BIO EN POUDRE 200GR"},"content":{"rendered":"<p><strong>CURCUMA BIO EN POUDRE 200GR<br \/>\nL&#8217;absorption de la poudre peut \u00eatre am\u00e9lior\u00e9e par un peu d&#8217;huile de coco.<br \/>\nCette poudre de racine est moulue avec soin. Son go\u00fbt est doux et \u00e9pic\u00e9.<br \/>\nSa teneur en curcumine est de 4%<br \/>\nIngr\u00e9dients : Poudre de 100 % de racine de curcuma bio (Curcuma longa)<\/strong><\/p>\n<p>*Bien lire la notice d\u2019utilisation<\/p>\n<p>*Ne se substitue pas un augmentation saine<\/p>\n","protected":false},"excerpt":{"rendered":"<p><strong>Le Curcuma connu sous le nom de Curcuma Jaune (Curcuma Longa) est un anti inflammatoire puissant. Notre poudre de Curcuma bio est obtenue par un broyage d\u00e9licat des racines.<\/strong><\/p>\n<p>*Bien lire la notice d\u2019utilisation<\/p>\n<p>*Ne se substitue pas un augmentation saine<\/p>\n","protected":false},"featured_media":14393,"comment_status":"open","ping_status":"closed","template":"","meta":{"_themeisle_gutenberg_block_has_review":false,"wds_primary_product_brand":0,"wds_primary_product_cat":0},"product_brand":[],"product_cat":[16],"product_tag":[247],"class_list":{"0":"post-5155","1":"product","2":"type-product","3":"status-publish","4":"has-post-thumbnail","6":"product_cat-complements-alimentaires","7":"product_tag-nourrissant","9":"first","10":"instock","11":"shipping-taxable","12":"purchasable","13":"product-type-simple"},"jetpack_sharing_enabled":true,"_links":{"self":[{"href":"https:\/\/orthomedix.eu\/boutique\/wp-json\/wp\/v2\/product\/5155","targetHints":{"allow":["GET"]}}],"collection":[{"href":"https:\/\/orthomedix.eu\/boutique\/wp-json\/wp\/v2\/product"}],"about":[{"href":"https:\/\/orthomedix.eu\/boutique\/wp-json\/wp\/v2\/types\/product"}],"replies":[{"embeddable":true,"href":"https:\/\/orthomedix.eu\/boutique\/wp-json\/wp\/v2\/comments?post=5155"}],"wp:featuredmedia":[{"embeddable":true,"href":"https:\/\/orthomedix.eu\/boutique\/wp-json\/wp\/v2\/media\/14393"}],"wp:attachment":[{"href":"https:\/\/orthomedix.eu\/boutique\/wp-json\/wp\/v2\/media?parent=5155"}],"wp:term":[{"taxonomy":"product_brand","embeddable":true,"href":"https:\/\/orthomedix.eu\/boutique\/wp-json\/wp\/v2\/product_brand?post=5155"},{"taxonomy":"product_cat","embeddable":true,"href":"https:\/\/orthomedix.eu\/boutique\/wp-json\/wp\/v2\/product_cat?post=5155"},{"taxonomy":"product_tag","embeddable":true,"href":"https:\/\/orthomedix.eu\/boutique\/wp-json\/wp\/v2\/product_tag?post=5155"}],"curies":[{"name":"wp","href":"https:\/\/api.w.org\/{rel}","templated":true}]}}