{"id":5285,"date":"2021-11-29T21:37:42","date_gmt":"2021-11-29T20:37:42","guid":{"rendered":"http:\/\/orthomedix.eu\/boutique\/?post_type=product&#038;p=5285"},"modified":"2023-01-06T15:11:02","modified_gmt":"2023-01-06T14:11:02","slug":"argent-colloidal-eau-dargent-500-ou-250-ml","status":"publish","type":"product","link":"https:\/\/orthomedix.eu\/boutique\/produit\/argent-colloidal-eau-dargent-500-ou-250-ml\/","title":{"rendered":"ARGENT COLLOIDAL (EAU D&#8217;ARGENT)"},"content":{"rendered":"<p><strong>ARGENT COLLOIDAL (EAU D&#8217;ARGENT) 500 OU 250 ML<\/strong><\/p>\n<p>L\u2019argent collo\u00efdal, aussi appel\u00e9 \u201ceau d\u2019argent\u201d, est une suspension de particules d\u2019argent dans de l\u2019eau distill\u00e9e\u2026 C\u2019est un des meilleurs et des plus anciens rem\u00e8des naturels !<\/p>\n<p>Particularit\u00e9s : Sans utilisation d&#8217;additifs, argent fin (en plus durci), teneur en Ag (puret\u00e9) d&#8217;au moins 99,99%, eau distill\u00e9e, conductivit\u00e9 lors du remplissage inf\u00e9rieure \u00e0 0,5 microsiemens \/ cm, produit avec un syst\u00e8me \u00e9lectrolytique.<\/p>\n<p>Remarque : Evitez la proximit\u00e9 de champs \u00e9lectromagn\u00e9tiques (r\u00e9frig\u00e9rateur, t\u00e9l\u00e9viseur, micro-ondes, etc.)<br \/>\nAgitez bri\u00e8vement le flacon avant chaque utilisation. La floculation indique une d\u00e9composition par la lumi\u00e8re, des temp\u00e9ratures \u00e9lev\u00e9es ou une superposition. Ne plus utiliser le produit.<\/p>\n<p>Conseil de stockage : Afin de maintenir la qualit\u00e9 pendant une longue p\u00e9riode, les bouteilles doivent \u00eatre ferm\u00e9es et stock\u00e9es \u00e0 temp\u00e9rature ambiante. Le lieu de stockage doit \u00eatre sombre et prot\u00e9g\u00e9 des rayons directs du soleil.<\/p>\n","protected":false},"excerpt":{"rendered":"<p>L\u2019Argent Collo\u00efdaL est utilis\u00e9 pour d\u00e9sinfecter plaies, br\u00fblures, piq\u00fbres d\u2019insecte\u2026 Il permettrait d\u2019\u00e9viter les infections nosocomiales, et de les traiter. De plus, il est un excellent pr\u00e9ventif aux pathologies de l\u2019hiver et renforce le syst\u00e8me immunitaire !<\/p>\n","protected":false},"featured_media":5289,"comment_status":"open","ping_status":"closed","template":"","meta":{"_themeisle_gutenberg_block_has_review":false,"wds_primary_product_brand":0,"wds_primary_product_cat":0},"product_brand":[],"product_cat":[45],"product_tag":[73,122,169,63,65],"class_list":{"0":"post-5285","1":"product","2":"type-product","3":"status-publish","4":"has-post-thumbnail","6":"product_cat-purification","7":"product_tag-defenses-immunitaires","8":"product_tag-detox","9":"product_tag-protection-infection","10":"product_tag-soin-antiseptique","11":"product_tag-soin-cicatrisant","12":"pa_contenance-250-ml","13":"pa_contenance-500-ml","15":"first","16":"instock","17":"shipping-taxable","18":"purchasable","19":"product-type-variable"},"jetpack_sharing_enabled":true,"_links":{"self":[{"href":"https:\/\/orthomedix.eu\/boutique\/wp-json\/wp\/v2\/product\/5285","targetHints":{"allow":["GET"]}}],"collection":[{"href":"https:\/\/orthomedix.eu\/boutique\/wp-json\/wp\/v2\/product"}],"about":[{"href":"https:\/\/orthomedix.eu\/boutique\/wp-json\/wp\/v2\/types\/product"}],"replies":[{"embeddable":true,"href":"https:\/\/orthomedix.eu\/boutique\/wp-json\/wp\/v2\/comments?post=5285"}],"wp:featuredmedia":[{"embeddable":true,"href":"https:\/\/orthomedix.eu\/boutique\/wp-json\/wp\/v2\/media\/5289"}],"wp:attachment":[{"href":"https:\/\/orthomedix.eu\/boutique\/wp-json\/wp\/v2\/media?parent=5285"}],"wp:term":[{"taxonomy":"product_brand","embeddable":true,"href":"https:\/\/orthomedix.eu\/boutique\/wp-json\/wp\/v2\/product_brand?post=5285"},{"taxonomy":"product_cat","embeddable":true,"href":"https:\/\/orthomedix.eu\/boutique\/wp-json\/wp\/v2\/product_cat?post=5285"},{"taxonomy":"product_tag","embeddable":true,"href":"https:\/\/orthomedix.eu\/boutique\/wp-json\/wp\/v2\/product_tag?post=5285"}],"curies":[{"name":"wp","href":"https:\/\/api.w.org\/{rel}","templated":true}]}}