{"id":9001,"date":"2022-03-20T20:07:21","date_gmt":"2022-03-20T19:07:21","guid":{"rendered":"http:\/\/orthomedix.eu\/boutique\/?post_type=product&#038;p=9001"},"modified":"2024-12-16T21:52:52","modified_gmt":"2024-12-16T20:52:52","slug":"jus-aloe-vera-pure-a-99","status":"publish","type":"product","link":"https:\/\/orthomedix.eu\/boutique\/produit\/jus-aloe-vera-pure-a-99\/","title":{"rendered":"JUS ALOE VERA PURE A 99%"},"content":{"rendered":"<p><strong>JUS ALOE VERA PURE A 99%\u00a0<\/strong><\/p>\n<p>L\u2019Alo\u00e9 Vera est extr\u00eamement riche en nutriments et actifs : il en contient plus de 200 notamment des vitamines, des min\u00e9raux, des acides amin\u00e9s et beaucoup d\u2019antioxydants. Sa richesse en actifs en fait un alli\u00e9 pr\u00e9cieux pour faciliter la digestion, stimuler le transit et apaiser les inflammations.<\/p>\n<p>Il est \u00e9galement reconnu pour ses propri\u00e9t\u00e9s pr\u00e9biotiques permettant un bon entretien de la flore intestinale.<\/p>\n<p><strong>Contenance propos\u00e9e : flacon de 250 ml et 500 ml<\/strong><\/p>\n","protected":false},"excerpt":{"rendered":"<p>Le jus d\u2019Aloe Vera est\u00a0 indiqu\u00e9 en cas de digestion difficile, de reflux, d\u2019inconforts intestinaux, de ballonnements et gaz intestinaux.<\/p>\n","protected":false},"featured_media":9003,"comment_status":"open","ping_status":"closed","template":"","meta":{"_themeisle_gutenberg_block_has_review":false,"wds_primary_product_brand":0,"wds_primary_product_cat":0},"product_brand":[],"product_cat":[16],"product_tag":[209,132,74,170,166],"class_list":{"0":"post-9001","1":"product","2":"type-product","3":"status-publish","4":"has-post-thumbnail","6":"product_cat-complements-alimentaires","7":"product_tag-ballonnement-intestinal","8":"product_tag-digestion","9":"product_tag-flore-intestinale","10":"product_tag-traitement-curatif","11":"product_tag-traitement-preventif","12":"pa_contenance-250-ml","13":"pa_contenance-500-ml","15":"first","16":"instock","17":"shipping-taxable","18":"purchasable","19":"product-type-variable"},"jetpack_sharing_enabled":true,"_links":{"self":[{"href":"https:\/\/orthomedix.eu\/boutique\/wp-json\/wp\/v2\/product\/9001","targetHints":{"allow":["GET"]}}],"collection":[{"href":"https:\/\/orthomedix.eu\/boutique\/wp-json\/wp\/v2\/product"}],"about":[{"href":"https:\/\/orthomedix.eu\/boutique\/wp-json\/wp\/v2\/types\/product"}],"replies":[{"embeddable":true,"href":"https:\/\/orthomedix.eu\/boutique\/wp-json\/wp\/v2\/comments?post=9001"}],"wp:featuredmedia":[{"embeddable":true,"href":"https:\/\/orthomedix.eu\/boutique\/wp-json\/wp\/v2\/media\/9003"}],"wp:attachment":[{"href":"https:\/\/orthomedix.eu\/boutique\/wp-json\/wp\/v2\/media?parent=9001"}],"wp:term":[{"taxonomy":"product_brand","embeddable":true,"href":"https:\/\/orthomedix.eu\/boutique\/wp-json\/wp\/v2\/product_brand?post=9001"},{"taxonomy":"product_cat","embeddable":true,"href":"https:\/\/orthomedix.eu\/boutique\/wp-json\/wp\/v2\/product_cat?post=9001"},{"taxonomy":"product_tag","embeddable":true,"href":"https:\/\/orthomedix.eu\/boutique\/wp-json\/wp\/v2\/product_tag?post=9001"}],"curies":[{"name":"wp","href":"https:\/\/api.w.org\/{rel}","templated":true}]}}